
{"id":131,"date":"2022-02-20T22:44:51","date_gmt":"2022-02-20T22:44:51","guid":{"rendered":"http:\/\/bleturner.cserverpages.com\/wp5_9\/?page_id=131"},"modified":"2022-11-15T00:06:20","modified_gmt":"2022-11-15T00:06:20","slug":"videos","status":"publish","type":"page","link":"https:\/\/bleturner.cserverpages.com\/index.php\/videos\/","title":{"rendered":"Manual de usuario"},"content":{"rendered":"\n<h2 id=\"conexion-con-el-ordenador-o-tablet\">Conexi\u00f3n con el ordenador o tablet<\/h2>\n\n\n\n<style>\np {\ntext-align: justify;\n}\nul{\nmargin-left:2em;\n}\n<\/style>\n\n\n\n<p>Cuando enciende el dispositivo por primera vez, \u00e9ste publica su existencia a los elementos bluetooth del entorno cercano.  Al mismo tiempo  enciende el  diodo verde como testigo de dicho proceso de publicaci\u00f3n o \u00abadvertising\u00bb,  y espera que un ordenador o tableta cercanos establezcan un v\u00ednculo.  Si trancurridos unos minutos no se establece un v\u00ednculo BLETurner pasa a un estado de desconexi\u00f3n, volviendo al intento si pulsamos un bot\u00f3n de avance\/retroceso de p\u00e1gina o apagamos y encendemos.<\/p>\n\n\n\n<p>Con el diodo verde parpadeando, podemos activar el bluetooth del ordenador o tableta que se pondr\u00e1 a buscar dispositivos encontrando  BLETURNER V2.X. Elija esa opci\u00f3n, se establecer\u00e1 el v\u00ednculo y el diodo verde dejar\u00e1 de parpadear, solamente emitir\u00e1 un breve destello cuando pulsemos uno de los botones de BLETurner. A la pregunta \u00abDesea vincular BLETURNER V2.X ? \u00bb responda S\u00cd.<\/p>\n\n\n\n<p>En ese momento los dispositivos ya se encuentran vinculados, el diodo verde deja de parpadear y se apaga. Solamente se encender\u00e1 al pulsar los botones de avance\/retroceso de p\u00e1gina. No es necesario repetir la vinculaci\u00f3n, cada vez que se encuentren encendidos y en el radio de alcance el uno del otro la conexi\u00f3n se restablece autom\u00e1ticamente.<\/p>\n\n\n\n<p>BLETurner solamente puede estar vinculado a un dispositivo a mismo tiempo. Para conectar con otro distinto deber\u00e1 romper la relaci\u00f3n con el anterior<\/p>\n\n\n\n<p>Para romper el v\u00ednculo con un dispositivo previamente conectado, deber\u00e1 desvincular el dispositivo en la tableta\/ordenador con la operaci\u00f3n \u00ab<strong>desvincular<\/strong>\u00bb de la configuraci\u00f3n de bluetooth  y en el BLETurner deber\u00e1 eliminar los datos del v\u00ednculo.<strong> Esta operaci\u00f3n se realiza en BLETurner pasando de OFF a ON mientras mantiene pulsado uno de los botones <\/strong> de avance\/retroceso de  p\u00e1gina. El diodo rojo parpadea tres veces para confirmar la rotura del v\u00ednculo. Si no observara estos tres destellos del diodo rojo, intente de nuevo la operaci\u00f3n.<\/p>\n\n\n\n<p>Pasadas unas horas de inactividad BLETurner pasa autom\u00e1ticamente a un estado de desconexi\u00f3n y volver\u00e1 a establecer la conexi\u00f3n  o intento de conexi\u00f3n cuando pulsemos uno de los botones de avance\/retroceso o apagado y encendido.<\/p>\n\n\n\n<h2 id=\"configuracion-de-la-version-2-3\">Configuraci\u00f3n de la Versi\u00f3n 2.3<\/h2>\n\n\n\n<p>Cuando BLETurner se encuentra vinculado con un ordenador o tableta se comporta exactamente igual que un teclado inal\u00e1mbrico bluetooth.  Al pulsar los botones de avance o retroceso de p\u00e1gina, el dispositivo env\u00eda a la tableta c\u00f3digos equivalentes a la pulsaci\u00f3n de teclas en un teclado de los habituales.<\/p>\n\n\n\n<p>La versi\u00f3n 2.3 de BLETurner tiene las siguientes capacidades :<\/p>\n\n\n\n<ul><li>Env\u00edo de c\u00f3digos de tecla correspondientes a <strong>flechas izda\/dcha<\/strong> o <strong>p\u00e1gina arriba\/abajo<\/strong> o <strong>flecha arriba\/abajo<\/strong> o <strong>inicio\/fin<\/strong>.<\/li><li>Posibilidad de <strong>repeticiones del c\u00f3digo enviado <\/strong>al mantener pulsada la tecla. Estas repeticiones las hace la tableta de forma similar a cuando mantenemos pulsada durante m\u00e1s de 0,5s una tecla de un teclado conectado al dispositivo.<\/li><li>Posibilidad de <strong>repeticiones  realizadas por BLETurner<\/strong> con una cadencia elegida entre 40ms y 2s.<\/li><\/ul>\n\n\n\n<p>Las repeticiones resultan \u00fatiles cuando pretendemos deslizar las p\u00e1ginas mientras mantenemos pulsada la tecla.<\/p>\n\n\n\n<p>La configuraci\u00f3n se realiza mediante la introducci\u00f3n de \u00f3rdenes con las teclas de avance y retroceso cuando el dispositivo se encuentra encendido. Tambi\u00e9n puede descargar e instalar una aplicaci\u00f3n para android con la que podr\u00e1 configurar el dispositivo m\u00e1s c\u00f3modamente. Las posibles \u00f3rdenes son :<\/p>\n\n\n\n<figure class=\"wp-block-table has-medium-font-size\"><table><tbody><tr><td class=\"has-text-align-center\" data-align=\"center\">C\u00f3digo<\/td><td>Actuaci\u00f3n                                        <\/td><\/tr><tr><td class=\"has-text-align-center\" data-align=\"center\">1<\/td><td>Utilizar c\u00f3digos de flecha izda\/dcha. Opci\u00f3n por defecto. <\/td><\/tr><tr><td class=\"has-text-align-center\" data-align=\"center\">2<\/td><td>Utilizar c\u00f3digos de p\u00e1gina arriba\/abajo. <\/td><\/tr><tr><td class=\"has-text-align-center\" data-align=\"center\">3<\/td><td>Utilizar c\u00f3digos de flecha arriba\/abajo. <\/td><\/tr><tr><td class=\"has-text-align-center\" data-align=\"center\">4<\/td><td>Utilizar c\u00f3digos de inicio final<\/td><\/tr><tr><td class=\"has-text-align-center\" data-align=\"center\">5<\/td><td>No efectuar repeticiones de avance\/retroceso, aun con pulsaciones largas. (Opci\u00f3n por defecto)<\/td><\/tr><tr><td class=\"has-text-align-center\" data-align=\"center\">6<\/td><td>Efectuar repeticiones con pulsaci\u00f3n larga. Estas repeticiones las realiza la tableta cuando pulsamos durante mas de 0,5s aproximadamente.<\/td><\/tr><tr><td class=\"has-text-align-center\" data-align=\"center\">7<\/td><td>Reservado<\/td><\/tr><tr><td class=\"has-text-align-center\" data-align=\"center\">8<\/td><td>Mientras mantenemos pulsado, BLETurner env\u00eda el c\u00f3digo repetidamente cada 40ms.<\/td><\/tr><tr><td class=\"has-text-align-center\" data-align=\"center\">9<\/td><td>Idem cada 160ms<\/td><\/tr><tr><td class=\"has-text-align-center\" data-align=\"center\">10<\/td><td>Idem cada 360ms<\/td><\/tr><tr><td class=\"has-text-align-center\" data-align=\"center\">11<\/td><td>Idem cada 640ms<\/td><\/tr><tr><td class=\"has-text-align-center\" data-align=\"center\">12<\/td><td>Idem cada 1s<\/td><\/tr><tr><td class=\"has-text-align-center\" data-align=\"center\">13<\/td><td>Idem cada 1.5s<\/td><\/tr><tr><td class=\"has-text-align-center\" data-align=\"center\">14<\/td><td>Idem cada 2s<\/td><\/tr><\/tbody><\/table><\/figure>\n\n\n\n<p>Para introducir la orden debe seguir estos pasos:<\/p>\n\n\n\n<ul><li>Pulsar r\u00e1pidamente  3 veces y mantener pulsada en la tercera vez la tecla izquierda durante 0,5s. El diodo rojo realiza un destello que confirma que el dispositivo est\u00e1 esperando la introducci\u00f3n de la orden.<\/li><li>Sin levantar la tecla izqda, pulsar la tecla derecha el n\u00famero de veces correspondiente al c\u00f3digo de orden que desea introducir: Dos veces para la orden dos, once veces para la orden 11, etc.<\/li><li>Levantar la tecla izqda. El indicador rojo parpadear\u00e1 una o varias veces, confirmando el c\u00f3digo de la orden recibida.<\/li><\/ul>\n\n\n\n<p>La configuraci\u00f3n que realice se mantiene entre usos del dispositivo. Aunque lo apague, la configuraci\u00f3n se conserva intacta para la pr\u00f3xima vez que lo utilice. Esta configuraci\u00f3n no se pierde aunque retire y reponga las bater\u00edas. Solamente recuperar\u00e1 la configuraci\u00f3n inicial como se explica en el siguiente p\u00e1rrafo.<\/p>\n\n\n\n<h2 id=\"recuperacion-de-la-configuracion-original\">Recuperaci\u00f3n de la configuraci\u00f3n original<\/h2>\n\n\n\n<p id=\"para-recuperar-la-configuracion-inicial-basta-con-pasar-a-de-off-a-on-mientras-mantiene-pulsadas-ambas-teclas-cuando-lo-hace-el-diodo-rojo-emite-un-destello-apage-y-encienda-de-nuevo-su-bleturner-y-tendra-la-configuracion-inicial-flechas-izda-y-dcha-sin-repeticiones\">Para recuperar la configuraci\u00f3n inicial, basta con pasar a de OFF a ON mientras mantiene pulsadas ambas teclas. Cuando lo hace el diodo rojo emite un destello. Apage y encienda de nuevo su BLETurner y tendr\u00e1 la configuraci\u00f3n inicial : flechas izda y dcha sin repeticiones. La recuperaci\u00f3n de la configuraci\u00f3n original NO elimina de BLETurner los datos que identifican el ordenador o tableta con el que se encuentra ligado. Para desvincular el dispositivo del ordenador o tableta siga las instrucciones del apartado siguiente.<\/p>\n\n\n\n<h2 id=\"desvincular-bleturner-del-ordenador-o-tableta\">Desvincular BLETurner del ordenador o tableta<\/h2>\n\n\n\n<p>Cuando vincula el dispositivo con un ordenador o tableta, el v\u00ednculo permanece para ocasiones posteriores, de tal forma que basta con encender ambos dispositivos para que se reconozcan como vinculados y se restablezca la conexi\u00f3n . <\/p>\n\n\n\n<p>Si desea romper ese v\u00ednculo siga los pasos siguientes <\/p>\n\n\n\n<ul><li>En el ordenador o tableta, apartado de configuraci\u00f3n de bluetooth visualice  la lista de dispositivos vinculados. Elija BLETURNER y desvinc\u00falelo.<\/li><li>Reinicie BLETurner con una de las teclas pulsada. El diodo rojo parpadea tres veces para indicarle que el v\u00ednculo anterior queda roto y el diodo verde parapadear\u00e1 indicando que espera la vinculaci\u00f3n con la tablet. A partir de ah\u00ed puede vincularlo a otro ordenador o tableta.<\/li><\/ul>\n\n\n\n<h2 id=\"cambio-de-baterias\">Cambio de Bater\u00edas<\/h2>\n\n\n\n<p>El dispositivo funciona con dos pilas de tipo AAA. El consumo es muy peque\u00f1o y las pilas le durar\u00e1n muchos meses a\u00fan dejando el aparato encendido (ON). Si lo apaga cuando no est\u00e9 en uso, las bater\u00edas pueden superar el  a\u00f1o de duraci\u00f3n, dependiendo tambi\u00e9n de la carga inicial, capacidad y calidad de las mismas.<\/p>\n\n\n\n<p>El dispositivo informa al ordenador o tableta del nivel de las bater\u00edas pero no todos los sistemas operativos muestran esta informaci\u00f3n al usuario, por ello cuando el nivel es bajo el diodo que normalmente muestra una luz verde, pasa a mostrar una luz roja cada vez que pulsa uno de sus botones. Cuando esto ocurra es hora de cambiar las bater\u00edas.<\/p>\n\n\n\n<p>Para efectuar el cambio retire la tapa superior con ayuda de un destornillador de estrella peque\u00f1o. Acceder\u00e1 al compartimento de bater\u00edas y podr\u00e1 sustituirlas f\u00e1cilmente. Observe la polaridad de las mismas para colocarlas en la posici\u00f3n correcta. Una vez sustituidas sit\u00fae la tapa y tornillos en su posici\u00f3n. Ejerza una suave presi\u00f3n procurando no forzar los tornillos por aplicar un par excesivo.<\/p>\n\n\n\n<h2 id=\"cuidados\">Cuidados<\/h2>\n\n\n\n<p>No exponga su dispositivo a temperaturas altas para evitar la deformaci\u00f3n de la caja.  La caja de BLETurner V2 se imprime con pl\u00e1stico PLA,  se vuelve maleable si se expone a una temperatura superior a 55\u00baC .<\/p>\n","protected":false},"excerpt":{"rendered":"<p>Conexi\u00f3n con el ordenador o tablet Cuando enciende el dispositivo por primera vez, \u00e9ste publica su existencia a los elementos bluetooth del entorno cercano. Al mismo tiempo enciende el diodo verde como testigo de dicho proceso de publicaci\u00f3n o \u00abadvertising\u00bb, y espera que un ordenador o tableta cercanos establezcan un v\u00ednculo. Si trancurridos unos minutos &hellip; <\/p>\n<p class=\"link-more\"><a href=\"https:\/\/bleturner.cserverpages.com\/index.php\/videos\/\" class=\"more-link\">Continue reading<span class=\"screen-reader-text\"> \u00abManual de usuario\u00bb<\/span><\/a><\/p>\n","protected":false},"author":1,"featured_media":0,"parent":0,"menu_order":0,"comment_status":"closed","ping_status":"closed","template":"","meta":[],"_links":{"self":[{"href":"https:\/\/bleturner.cserverpages.com\/index.php\/wp-json\/wp\/v2\/pages\/131"}],"collection":[{"href":"https:\/\/bleturner.cserverpages.com\/index.php\/wp-json\/wp\/v2\/pages"}],"about":[{"href":"https:\/\/bleturner.cserverpages.com\/index.php\/wp-json\/wp\/v2\/types\/page"}],"author":[{"embeddable":true,"href":"https:\/\/bleturner.cserverpages.com\/index.php\/wp-json\/wp\/v2\/users\/1"}],"replies":[{"embeddable":true,"href":"https:\/\/bleturner.cserverpages.com\/index.php\/wp-json\/wp\/v2\/comments?post=131"}],"version-history":[{"count":46,"href":"https:\/\/bleturner.cserverpages.com\/index.php\/wp-json\/wp\/v2\/pages\/131\/revisions"}],"predecessor-version":[{"id":381,"href":"https:\/\/bleturner.cserverpages.com\/index.php\/wp-json\/wp\/v2\/pages\/131\/revisions\/381"}],"wp:attachment":[{"href":"https:\/\/bleturner.cserverpages.com\/index.php\/wp-json\/wp\/v2\/media?parent=131"}],"curies":[{"name":"wp","href":"https:\/\/api.w.org\/{rel}","templated":true}]}}