
{"id":269,"date":"2022-03-27T19:19:12","date_gmt":"2022-03-27T19:19:12","guid":{"rendered":"https:\/\/bleturner.cserverpages.com\/wp5_9\/?page_id=269"},"modified":"2023-02-14T22:45:03","modified_gmt":"2023-02-14T22:45:03","slug":"descargas","status":"publish","type":"page","link":"https:\/\/bleturner.cserverpages.com\/index.php\/descargas\/","title":{"rendered":"Descargas"},"content":{"rendered":"\n<h2 id=\"app-de-configuracion\"><strong>App de configuraci\u00f3n<\/strong><\/h2>\n\n\n\n<style>\np {\ntext-align: justify;\n}\nul{\nmargin-left:2em;\n}\n<\/style>\n\n\n\n<p>Con esta aplicaci\u00f3n, opcional, para android podr\u00e1s configurar tu BLETurner. Es necesario instalarla en la tableta android conectada con el dispositivo. Por el momento no est\u00e1 disponible esta app para IOS, no obstante el dispositivo puede configurarse  sin necesidad de la aplicaci\u00f3n, tal y como se explica en el manual de usuario.<\/p>\n\n\n\n<p>La app tiene este aspecto:<\/p>\n\n\n\n<figure class=\"wp-block-gallery has-nested-images columns-default is-cropped\">\n<figure class=\"wp-block-image size-large\"><img loading=\"lazy\" width=\"640\" height=\"728\" data-id=\"268\"  src=\"https:\/\/bleturner.cserverpages.com\/wp5_9\/wp-content\/uploads\/2022\/03\/BleturnerAPK.jpg\" alt=\"\" class=\"wp-image-268\" srcset=\"https:\/\/bleturner.cserverpages.com\/wp-content\/uploads\/2022\/03\/BleturnerAPK.jpg 640w, https:\/\/bleturner.cserverpages.com\/wp-content\/uploads\/2022\/03\/BleturnerAPK-264x300.jpg 264w\" sizes=\"(max-width: 640px) 100vw, 640px\" \/><\/figure>\n<\/figure>\n\n\n\n<p>En la cabecera aparecer\u00e1 una l\u00ednea con la identificaci\u00f3n de su dispositivo. Debe tocar dicha identificaci\u00f3n para desplegar las opciones de configuraci\u00f3n. Las opciones se despliegan solamente si el dispositivo se encuentra conectado. <\/p>\n\n\n\n<p>Con la aplicaci\u00f3n puedes realizar de forma visual y m\u00e1s intuitiva la configuraci\u00f3n explicada en el manual de usuario.<\/p>\n\n\n\n<p>Adem\u00e1s, la aplicaci\u00f3n muestra el nivel de bater\u00eda del BLETurner y le permite comprobar el funcionamiento del dispositivo observando en la aplicaci\u00f3n los c\u00f3digos enviados al pulsar las teclas y las repeticiones que se producen,en su caso.<\/p>\n\n\n\n<p>Puede descargar la aplicaci\u00f3n de este enlace. La tableta le dar\u00e1 la opci\u00f3n de abrir e instalar. <\/p>\n\n\n\n<center><a href=\"\/bleturner.apk\">Descargar Bleturner APK<\/a><\/center>\n\n\n\n<h2 id=\"preguntas-frecuentes\"><strong>Preguntas Frecuentes<\/strong><\/h2>\n\n\n\n<center><a href=\"https:\/\/bleturner.cserverpages.com\/wp5_9\/wp-content\/uploads\/2023\/02\/Manual2.pdf\">Descargar Preguntas Frecuentes<\/a><\/center>\n\n\n\n<p>                   <\/p>\n","protected":false},"excerpt":{"rendered":"<p>App de configuraci\u00f3n Con esta aplicaci\u00f3n, opcional, para android podr\u00e1s configurar tu BLETurner. Es necesario instalarla en la tableta android conectada con el dispositivo. Por el momento no est\u00e1 disponible esta app para IOS, no obstante el dispositivo puede configurarse sin necesidad de la aplicaci\u00f3n, tal y como se explica en el manual de usuario. &hellip; <\/p>\n<p class=\"link-more\"><a href=\"https:\/\/bleturner.cserverpages.com\/index.php\/descargas\/\" class=\"more-link\">Continue reading<span class=\"screen-reader-text\"> \u00abDescargas\u00bb<\/span><\/a><\/p>\n","protected":false},"author":1,"featured_media":0,"parent":0,"menu_order":0,"comment_status":"closed","ping_status":"closed","template":"","meta":[],"_links":{"self":[{"href":"https:\/\/bleturner.cserverpages.com\/index.php\/wp-json\/wp\/v2\/pages\/269"}],"collection":[{"href":"https:\/\/bleturner.cserverpages.com\/index.php\/wp-json\/wp\/v2\/pages"}],"about":[{"href":"https:\/\/bleturner.cserverpages.com\/index.php\/wp-json\/wp\/v2\/types\/page"}],"author":[{"embeddable":true,"href":"https:\/\/bleturner.cserverpages.com\/index.php\/wp-json\/wp\/v2\/users\/1"}],"replies":[{"embeddable":true,"href":"https:\/\/bleturner.cserverpages.com\/index.php\/wp-json\/wp\/v2\/comments?post=269"}],"version-history":[{"count":20,"href":"https:\/\/bleturner.cserverpages.com\/index.php\/wp-json\/wp\/v2\/pages\/269\/revisions"}],"predecessor-version":[{"id":391,"href":"https:\/\/bleturner.cserverpages.com\/index.php\/wp-json\/wp\/v2\/pages\/269\/revisions\/391"}],"wp:attachment":[{"href":"https:\/\/bleturner.cserverpages.com\/index.php\/wp-json\/wp\/v2\/media?parent=269"}],"curies":[{"name":"wp","href":"https:\/\/api.w.org\/{rel}","templated":true}]}}