
{"id":31,"date":"2022-02-18T17:44:45","date_gmt":"2022-02-18T17:44:45","guid":{"rendered":"http:\/\/localhost\/wp5_9\/?page_id=31"},"modified":"2023-02-14T23:13:33","modified_gmt":"2023-02-14T23:13:33","slug":"inicio","status":"publish","type":"page","link":"https:\/\/bleturner.cserverpages.com\/","title":{"rendered":"Inicio"},"content":{"rendered":"\n<style>\np {\ntext-align: justify;\n}\nul{\nmargin-left:2em;\n}\n<\/style>\n\n\n\n<p>BLETurner es un dispositivo para volver las p\u00e1ginas de un documento visualizado en un ordenador o tableta. Se opera con el pie. <\/p>\n\n\n\n<p>Resulta ideal para m\u00fasicos que necesitan volver las p\u00e1ginas de su partitura mientras interpretan la obra. Utiliza un enlace inal\u00e1mbrico bluetooth  de baja energ\u00eda con el ordenador o tableta al que env\u00eda \u00f3rdenes de avance y retroceso de p\u00e1gina. <\/p>\n\n\n\n<p>Funciona con  dispositivos Android, iPad, iPhone y windows. Es \u00fatil para  m\u00faltiples aplicaciones de visualizaci\u00f3n de partituras y otros documentos como acrobar reader, mobile sheet pro, power point, los navegadores de internet, etc. Pueden configurarse los c\u00f3digos de avance y retroceso que el dispositivo env\u00eda  a la aplicaci\u00f3n y tambi\u00e9n la tasa de repetici\u00f3n, facilitando el avance p\u00e1gina a p\u00e1gina y la velocidad en el desplazamiento de p\u00e1gina (scroll). Lleva dos bater\u00edas de tipo AAA que duran muchos meses dado el peque\u00f1\u00edsimo consumo  y resulta silencioso cuando se pulsa.<\/p>\n","protected":false},"excerpt":{"rendered":"<p>BLETurner es un dispositivo para volver las p\u00e1ginas de un documento visualizado en un ordenador o tableta. Se opera con el pie. Resulta ideal para m\u00fasicos que necesitan volver las p\u00e1ginas de su partitura mientras interpretan la obra. Utiliza un enlace inal\u00e1mbrico bluetooth de baja energ\u00eda con el ordenador o tableta al que env\u00eda \u00f3rdenes &hellip; <\/p>\n<p class=\"link-more\"><a href=\"https:\/\/bleturner.cserverpages.com\/\" class=\"more-link\">Continue reading<span class=\"screen-reader-text\"> \u00abInicio\u00bb<\/span><\/a><\/p>\n","protected":false},"author":1,"featured_media":397,"parent":0,"menu_order":0,"comment_status":"closed","ping_status":"closed","template":"","meta":[],"_links":{"self":[{"href":"https:\/\/bleturner.cserverpages.com\/index.php\/wp-json\/wp\/v2\/pages\/31"}],"collection":[{"href":"https:\/\/bleturner.cserverpages.com\/index.php\/wp-json\/wp\/v2\/pages"}],"about":[{"href":"https:\/\/bleturner.cserverpages.com\/index.php\/wp-json\/wp\/v2\/types\/page"}],"author":[{"embeddable":true,"href":"https:\/\/bleturner.cserverpages.com\/index.php\/wp-json\/wp\/v2\/users\/1"}],"replies":[{"embeddable":true,"href":"https:\/\/bleturner.cserverpages.com\/index.php\/wp-json\/wp\/v2\/comments?post=31"}],"version-history":[{"count":8,"href":"https:\/\/bleturner.cserverpages.com\/index.php\/wp-json\/wp\/v2\/pages\/31\/revisions"}],"predecessor-version":[{"id":363,"href":"https:\/\/bleturner.cserverpages.com\/index.php\/wp-json\/wp\/v2\/pages\/31\/revisions\/363"}],"wp:featuredmedia":[{"embeddable":true,"href":"https:\/\/bleturner.cserverpages.com\/index.php\/wp-json\/wp\/v2\/media\/397"}],"wp:attachment":[{"href":"https:\/\/bleturner.cserverpages.com\/index.php\/wp-json\/wp\/v2\/media?parent=31"}],"curies":[{"name":"wp","href":"https:\/\/api.w.org\/{rel}","templated":true}]}}