
{"id":33,"date":"2022-02-18T17:44:46","date_gmt":"2022-02-18T17:44:46","guid":{"rendered":"http:\/\/localhost\/wp5_9\/?page_id=33"},"modified":"2022-03-27T20:34:44","modified_gmt":"2022-03-27T20:34:44","slug":"contacto","status":"publish","type":"page","link":"https:\/\/bleturner.cserverpages.com\/index.php\/contacto\/","title":{"rendered":"Deja tu comentario"},"content":{"rendered":"\n<p>Si tienes consultas o comentarios acerca del dispositivo puedes hacerlas aqu\u00ed. Intentaremos responderte en breve. Tambi\u00e9n puedes escribir un correo electr\u00f3nico a <img width=\"180px\" src=\"https:\/\/bleturner.cserverpages.com\/wp5_9\/wp-content\/uploads\/2022\/03\/screenshot.95.jpg\"><\/p>\n","protected":false},"excerpt":{"rendered":"<p>Si tienes consultas o comentarios acerca del dispositivo puedes hacerlas aqu\u00ed. Intentaremos responderte en breve. Tambi\u00e9n puedes escribir un correo electr\u00f3nico a<\/p>\n","protected":false},"author":1,"featured_media":0,"parent":0,"menu_order":0,"comment_status":"open","ping_status":"closed","template":"","meta":[],"_links":{"self":[{"href":"https:\/\/bleturner.cserverpages.com\/index.php\/wp-json\/wp\/v2\/pages\/33"}],"collection":[{"href":"https:\/\/bleturner.cserverpages.com\/index.php\/wp-json\/wp\/v2\/pages"}],"about":[{"href":"https:\/\/bleturner.cserverpages.com\/index.php\/wp-json\/wp\/v2\/types\/page"}],"author":[{"embeddable":true,"href":"https:\/\/bleturner.cserverpages.com\/index.php\/wp-json\/wp\/v2\/users\/1"}],"replies":[{"embeddable":true,"href":"https:\/\/bleturner.cserverpages.com\/index.php\/wp-json\/wp\/v2\/comments?post=33"}],"version-history":[{"count":32,"href":"https:\/\/bleturner.cserverpages.com\/index.php\/wp-json\/wp\/v2\/pages\/33\/revisions"}],"predecessor-version":[{"id":314,"href":"https:\/\/bleturner.cserverpages.com\/index.php\/wp-json\/wp\/v2\/pages\/33\/revisions\/314"}],"wp:attachment":[{"href":"https:\/\/bleturner.cserverpages.com\/index.php\/wp-json\/wp\/v2\/media?parent=33"}],"curies":[{"name":"wp","href":"https:\/\/api.w.org\/{rel}","templated":true}]}}