
{"id":75,"date":"2022-02-18T22:03:42","date_gmt":"2022-02-18T22:03:42","guid":{"rendered":"http:\/\/bleturner.cserverpages.com\/wp5_9\/?page_id=75"},"modified":"2022-04-02T17:45:19","modified_gmt":"2022-04-02T17:45:19","slug":"test","status":"publish","type":"page","link":"https:\/\/bleturner.cserverpages.com\/index.php\/test\/","title":{"rendered":"Test"},"content":{"rendered":"\n<p>Vincula tu BLETurner a este dispositivo para comprobar las \u00f3rdenes recibidas (las enviadas al pulsar las teclas de BLETurner).<\/p>\n\n\n\n<p>Haga Click con el rat\u00f3n en la caja. Despu\u00e9s pulsa los botones de BLETurner. Se visualizar\u00e1n en la p\u00e1gina las \u00f3rdenes recibidas. estas mismas \u00f3rdenes son las que recibir\u00e1 el lector de PDFs, partituras o aplicaci\u00f3n activa seg\u00fan la configuraci\u00f3n . Puedes elegir distintas \u00f3rdenes enviadas por BLETurner para adaptarse a su aplicaci\u00f3n, tal como se explica en el manual de usuario.<\/p>\n\n\n\n<p> <\/p>\n\n\n\n<script src=\"https:\/\/ajax.googleapis.com\/ajax\/libs\/jquery\/3.6.0\/jquery.min.js\"><\/script>\n<input id=\"input1\" placeholder=\"Click Here\" style=\"cursor: pointer;\" size=\"2\">\n<p id=\"log\" style=\"font-size:30px;\"><\/p>\n\n<script>\nconst input = document.getElementById('input1');\nconst log = document.getElementById('log');\n\ninput.addEventListener('keydown', logKey);\n\nfunction logKey(e) {\n  \/\/log.textContent += ` ${e.code}`;\n\/*  \nlog.innerHTML = `<table border=1 ><tr><td width=50% align=center >${e.code}<\/td><td align=center >${e.keyCode}<\/td><\/tr><\/table>`;\n   *\/\n   document.getElementById('tecla').innerText=` ${e.keyCode} : ${e.code}`;\n avanzar(e.keyCode);\n  e.preventDefault();\/\/PAra que no escriba nada en la caja\n}\n<\/script>\n\n\n\n<style>\n\n        .barra{\n                border:  solid 1px brown;\n                background-color: darkgrey;\n                padding: 4px ;\n                height: auto;\n                text-align: center;\n                width:100%;\n        }\n        .cinta {\n                display: inline-block;\n                height: 2em;\n                width: 2em;\n                background-color: darkgrey;\n                border-radius: 4px;\n                border:  solid 1px brown;\n                margin: 2px;\n        }\n<\/style>\n\n<div class=\"barra\" id=\"show\">\n                        <span class=\"cinta\"><\/span>\n                        <span class=\"cinta\"><\/span>\n                        <span class=\"cinta\"><\/span>\n                        <span class=\"cinta\"><\/span>\n                        <span class=\"cinta\"><\/span>\n                        <span class=\"cinta\"><\/span>\n                        <span class=\"cinta\"><\/span>\n                        <span class=\"cinta\"><\/span>\n                        <span class=\"cinta\"><\/span>\n                        <span class=\"cinta\"><\/span>\n                <\/div>\n     <div id=\"tecla\"><\/div>\n\n\n<script>\n                var x=10;\n\n                function avanza(nth){\n                        $('.cinta').css('background-color','darkgrey');\n                        $('#show span:nth-child('+nth+')').css('background-color','DarkGoldenRod');\n\n                }\n                function avanzar(code){\n                        if (code==39 || code==40 || code==34 || code==35 ) x++;\n                         else x--;\n                         if(x==0) x=10;\n                         avanza(Math.abs(x%10)+1);\n                        }\n\n\n<\/script>\n","protected":false},"excerpt":{"rendered":"<p>Vincula tu BLETurner a este dispositivo para comprobar las \u00f3rdenes recibidas (las enviadas al pulsar las teclas de BLETurner). Haga Click con el rat\u00f3n en la caja. Despu\u00e9s pulsa los botones de BLETurner. Se visualizar\u00e1n en la p\u00e1gina las \u00f3rdenes recibidas. estas mismas \u00f3rdenes son las que recibir\u00e1 el lector de PDFs, partituras o aplicaci\u00f3n &hellip; <\/p>\n<p class=\"link-more\"><a href=\"https:\/\/bleturner.cserverpages.com\/index.php\/test\/\" class=\"more-link\">Continue reading<span class=\"screen-reader-text\"> \u00abTest\u00bb<\/span><\/a><\/p>\n","protected":false},"author":1,"featured_media":0,"parent":0,"menu_order":0,"comment_status":"closed","ping_status":"closed","template":"","meta":[],"_links":{"self":[{"href":"https:\/\/bleturner.cserverpages.com\/index.php\/wp-json\/wp\/v2\/pages\/75"}],"collection":[{"href":"https:\/\/bleturner.cserverpages.com\/index.php\/wp-json\/wp\/v2\/pages"}],"about":[{"href":"https:\/\/bleturner.cserverpages.com\/index.php\/wp-json\/wp\/v2\/types\/page"}],"author":[{"embeddable":true,"href":"https:\/\/bleturner.cserverpages.com\/index.php\/wp-json\/wp\/v2\/users\/1"}],"replies":[{"embeddable":true,"href":"https:\/\/bleturner.cserverpages.com\/index.php\/wp-json\/wp\/v2\/comments?post=75"}],"version-history":[{"count":60,"href":"https:\/\/bleturner.cserverpages.com\/index.php\/wp-json\/wp\/v2\/pages\/75\/revisions"}],"predecessor-version":[{"id":325,"href":"https:\/\/bleturner.cserverpages.com\/index.php\/wp-json\/wp\/v2\/pages\/75\/revisions\/325"}],"wp:attachment":[{"href":"https:\/\/bleturner.cserverpages.com\/index.php\/wp-json\/wp\/v2\/media?parent=75"}],"curies":[{"name":"wp","href":"https:\/\/api.w.org\/{rel}","templated":true}]}}